{"id":13134,"date":"2022-09-20T17:18:56","date_gmt":"2022-09-20T15:18:56","guid":{"rendered":"https:\/\/www.lagioia-ascona.ch\/?post_type=product&#038;p=13134"},"modified":"2023-05-12T09:08:16","modified_gmt":"2023-05-12T07:08:16","slug":"phoenix","status":"publish","type":"product","link":"https:\/\/www.lagioia-ascona.ch\/en\/produkt\/phoenix\/","title":{"rendered":"Phoenix &#8220;Verkauft&#8221;"},"content":{"rendered":"<p>Ein Gem\u00e4ldeunikat von Michael Sazarin.<\/p>\n","protected":false},"excerpt":{"rendered":"<p>Unikat von Michael Sazarin | 2020 | Mischtechnik auf Leinwand | 160&#215;120 cm<\/p>\n<p><strong>Entdecken Sie unsere limitierten Outdoor-Kunstdrucke als kosteng\u00fcnstige Alternative zu unseren Gem\u00e4lde-Unikaten. <\/strong><\/p>\n<p><strong>Kontaktieren Sie uns f\u00fcr Ihr Wunschformat und f\u00fcr weitere Preisinformationen.<\/strong><\/p>\n","protected":false},"featured_media":20828,"template":"","meta":[],"product_brand":[],"product_cat":[74],"product_tag":[76,78,79,80,75,77],"class_list":{"0":"post-13134","1":"product","2":"type-product","3":"status-publish","4":"has-post-thumbnail","6":"product_cat-sazarin","7":"product_tag-gemaelde","8":"product_tag-kuenstler","9":"product_tag-leinwand","10":"product_tag-malerei","11":"product_tag-sazarin","12":"product_tag-unikate","14":"first","15":"outofstock","16":"sold-individually","17":"taxable","18":"shipping-taxable","19":"product-type-simple"},"yoast_head":"<!-- This site is optimized with the Yoast SEO plugin v27.4 - https:\/\/yoast.com\/product\/yoast-seo-wordpress\/ -->\n<title>Phoenix &quot;Verkauft&quot; - La Gioia Ascona<\/title>\n<meta name=\"robots\" content=\"index, follow, max-snippet:-1, max-image-preview:large, max-video-preview:-1\" \/>\n<link rel=\"canonical\" href=\"https:\/\/www.lagioia-ascona.ch\/en\/produkt\/phoenix\/\" \/>\n<meta property=\"og:locale\" content=\"en_US\" \/>\n<meta property=\"og:type\" content=\"article\" \/>\n<meta property=\"og:title\" content=\"Phoenix &quot;Verkauft&quot; - La Gioia Ascona\" \/>\n<meta property=\"og:description\" content=\"Unikat von Michael Sazarin | 2020 | Mischtechnik auf Leinwand | 160x120 cm     Entdecken Sie unsere limitierten Outdoor-Kunstdrucke als kosteng\u00fcnstige Alternative zu unseren Gem\u00e4lde-Unikaten.   Kontaktieren Sie uns f\u00fcr Ihr Wunschformat und f\u00fcr weitere Preisinformationen.\" \/>\n<meta property=\"og:url\" content=\"https:\/\/www.lagioia-ascona.ch\/en\/produkt\/phoenix\/\" \/>\n<meta property=\"og:site_name\" content=\"La Gioia Ascona\" \/>\n<meta property=\"article:modified_time\" content=\"2023-05-12T07:08:16+00:00\" \/>\n<meta property=\"og:image\" content=\"https:\/\/www.lagioia-ascona.ch\/wp-content\/uploads\/2023\/05\/La-Gioia-Ascona-Arthouse-Sazarin-Gemaelde-Phoenix.jpg\" \/>\n\t<meta property=\"og:image:width\" content=\"1110\" \/>\n\t<meta property=\"og:image:height\" content=\"1110\" \/>\n\t<meta property=\"og:image:type\" content=\"image\/jpeg\" \/>\n<meta name=\"twitter:card\" content=\"summary_large_image\" \/>\n<meta name=\"twitter:label1\" content=\"Est. reading time\" \/>\n\t<meta name=\"twitter:data1\" content=\"1 minute\" \/>\n<script type=\"application\/ld+json\" class=\"yoast-schema-graph\">{\"@context\":\"https:\\\/\\\/schema.org\",\"@graph\":[{\"@type\":\"WebPage\",\"@id\":\"https:\\\/\\\/www.lagioia-ascona.ch\\\/en\\\/produkt\\\/phoenix\\\/\",\"url\":\"https:\\\/\\\/www.lagioia-ascona.ch\\\/en\\\/produkt\\\/phoenix\\\/\",\"name\":\"Phoenix \\\"Verkauft\\\" - La Gioia Ascona\",\"isPartOf\":{\"@id\":\"https:\\\/\\\/www.lagioia-ascona.ch\\\/en\\\/#website\"},\"primaryImageOfPage\":{\"@id\":\"https:\\\/\\\/www.lagioia-ascona.ch\\\/en\\\/produkt\\\/phoenix\\\/#primaryimage\"},\"image\":{\"@id\":\"https:\\\/\\\/www.lagioia-ascona.ch\\\/en\\\/produkt\\\/phoenix\\\/#primaryimage\"},\"thumbnailUrl\":\"https:\\\/\\\/www.lagioia-ascona.ch\\\/wp-content\\\/uploads\\\/2023\\\/05\\\/La-Gioia-Ascona-Arthouse-Sazarin-Gemaelde-Phoenix.jpg\",\"datePublished\":\"2022-09-20T15:18:56+00:00\",\"dateModified\":\"2023-05-12T07:08:16+00:00\",\"breadcrumb\":{\"@id\":\"https:\\\/\\\/www.lagioia-ascona.ch\\\/en\\\/produkt\\\/phoenix\\\/#breadcrumb\"},\"inLanguage\":\"en-US\",\"potentialAction\":[{\"@type\":\"ReadAction\",\"target\":[\"https:\\\/\\\/www.lagioia-ascona.ch\\\/en\\\/produkt\\\/phoenix\\\/\"]}]},{\"@type\":\"ImageObject\",\"inLanguage\":\"en-US\",\"@id\":\"https:\\\/\\\/www.lagioia-ascona.ch\\\/en\\\/produkt\\\/phoenix\\\/#primaryimage\",\"url\":\"https:\\\/\\\/www.lagioia-ascona.ch\\\/wp-content\\\/uploads\\\/2023\\\/05\\\/La-Gioia-Ascona-Arthouse-Sazarin-Gemaelde-Phoenix.jpg\",\"contentUrl\":\"https:\\\/\\\/www.lagioia-ascona.ch\\\/wp-content\\\/uploads\\\/2023\\\/05\\\/La-Gioia-Ascona-Arthouse-Sazarin-Gemaelde-Phoenix.jpg\",\"width\":1110,\"height\":1110},{\"@type\":\"BreadcrumbList\",\"@id\":\"https:\\\/\\\/www.lagioia-ascona.ch\\\/en\\\/produkt\\\/phoenix\\\/#breadcrumb\",\"itemListElement\":[{\"@type\":\"ListItem\",\"position\":1,\"name\":\"Startseite\",\"item\":\"https:\\\/\\\/www.lagioia-ascona.ch\\\/en\\\/home\\\/\"},{\"@type\":\"ListItem\",\"position\":2,\"name\":\"Shop\",\"item\":\"https:\\\/\\\/www.lagioia-ascona.ch\\\/en\\\/shop-2\\\/\"},{\"@type\":\"ListItem\",\"position\":3,\"name\":\"Phoenix &#8222;Verkauft&#8220;\"}]},{\"@type\":\"WebSite\",\"@id\":\"https:\\\/\\\/www.lagioia-ascona.ch\\\/en\\\/#website\",\"url\":\"https:\\\/\\\/www.lagioia-ascona.ch\\\/en\\\/\",\"name\":\"La Gioia Ascona\",\"description\":\"Schmuck, Kunst, Urlaub \u2013 unvergessliche Momente am Lago Maggiore\",\"publisher\":{\"@id\":\"https:\\\/\\\/www.lagioia-ascona.ch\\\/en\\\/#organization\"},\"potentialAction\":[{\"@type\":\"SearchAction\",\"target\":{\"@type\":\"EntryPoint\",\"urlTemplate\":\"https:\\\/\\\/www.lagioia-ascona.ch\\\/en\\\/?s={search_term_string}\"},\"query-input\":{\"@type\":\"PropertyValueSpecification\",\"valueRequired\":true,\"valueName\":\"search_term_string\"}}],\"inLanguage\":\"en-US\"},{\"@type\":\"Organization\",\"@id\":\"https:\\\/\\\/www.lagioia-ascona.ch\\\/en\\\/#organization\",\"name\":\"La Gioia Ascona\",\"url\":\"https:\\\/\\\/www.lagioia-ascona.ch\\\/en\\\/\",\"logo\":{\"@type\":\"ImageObject\",\"inLanguage\":\"en-US\",\"@id\":\"https:\\\/\\\/www.lagioia-ascona.ch\\\/en\\\/#\\\/schema\\\/logo\\\/image\\\/\",\"url\":\"https:\\\/\\\/www.lagioia-ascona.ch\\\/wp-content\\\/uploads\\\/2022\\\/03\\\/Logo_neu.webp\",\"contentUrl\":\"https:\\\/\\\/www.lagioia-ascona.ch\\\/wp-content\\\/uploads\\\/2022\\\/03\\\/Logo_neu.webp\",\"width\":708,\"height\":827,\"caption\":\"La Gioia Ascona\"},\"image\":{\"@id\":\"https:\\\/\\\/www.lagioia-ascona.ch\\\/en\\\/#\\\/schema\\\/logo\\\/image\\\/\"}}]}<\/script>\n<!-- \/ Yoast SEO plugin. -->","yoast_head_json":{"title":"Phoenix \"Verkauft\" - La Gioia Ascona","robots":{"index":"index","follow":"follow","max-snippet":"max-snippet:-1","max-image-preview":"max-image-preview:large","max-video-preview":"max-video-preview:-1"},"canonical":"https:\/\/www.lagioia-ascona.ch\/en\/produkt\/phoenix\/","og_locale":"en_US","og_type":"article","og_title":"Phoenix \"Verkauft\" - La Gioia Ascona","og_description":"Unikat von Michael Sazarin | 2020 | Mischtechnik auf Leinwand | 160x120 cm     Entdecken Sie unsere limitierten Outdoor-Kunstdrucke als kosteng\u00fcnstige Alternative zu unseren Gem\u00e4lde-Unikaten.   Kontaktieren Sie uns f\u00fcr Ihr Wunschformat und f\u00fcr weitere Preisinformationen.","og_url":"https:\/\/www.lagioia-ascona.ch\/en\/produkt\/phoenix\/","og_site_name":"La Gioia Ascona","article_modified_time":"2023-05-12T07:08:16+00:00","og_image":[{"width":1110,"height":1110,"url":"https:\/\/www.lagioia-ascona.ch\/wp-content\/uploads\/2023\/05\/La-Gioia-Ascona-Arthouse-Sazarin-Gemaelde-Phoenix.jpg","type":"image\/jpeg"}],"twitter_card":"summary_large_image","twitter_misc":{"Est. reading time":"1 minute"},"schema":{"@context":"https:\/\/schema.org","@graph":[{"@type":"WebPage","@id":"https:\/\/www.lagioia-ascona.ch\/en\/produkt\/phoenix\/","url":"https:\/\/www.lagioia-ascona.ch\/en\/produkt\/phoenix\/","name":"Phoenix \"Verkauft\" - La Gioia Ascona","isPartOf":{"@id":"https:\/\/www.lagioia-ascona.ch\/en\/#website"},"primaryImageOfPage":{"@id":"https:\/\/www.lagioia-ascona.ch\/en\/produkt\/phoenix\/#primaryimage"},"image":{"@id":"https:\/\/www.lagioia-ascona.ch\/en\/produkt\/phoenix\/#primaryimage"},"thumbnailUrl":"https:\/\/www.lagioia-ascona.ch\/wp-content\/uploads\/2023\/05\/La-Gioia-Ascona-Arthouse-Sazarin-Gemaelde-Phoenix.jpg","datePublished":"2022-09-20T15:18:56+00:00","dateModified":"2023-05-12T07:08:16+00:00","breadcrumb":{"@id":"https:\/\/www.lagioia-ascona.ch\/en\/produkt\/phoenix\/#breadcrumb"},"inLanguage":"en-US","potentialAction":[{"@type":"ReadAction","target":["https:\/\/www.lagioia-ascona.ch\/en\/produkt\/phoenix\/"]}]},{"@type":"ImageObject","inLanguage":"en-US","@id":"https:\/\/www.lagioia-ascona.ch\/en\/produkt\/phoenix\/#primaryimage","url":"https:\/\/www.lagioia-ascona.ch\/wp-content\/uploads\/2023\/05\/La-Gioia-Ascona-Arthouse-Sazarin-Gemaelde-Phoenix.jpg","contentUrl":"https:\/\/www.lagioia-ascona.ch\/wp-content\/uploads\/2023\/05\/La-Gioia-Ascona-Arthouse-Sazarin-Gemaelde-Phoenix.jpg","width":1110,"height":1110},{"@type":"BreadcrumbList","@id":"https:\/\/www.lagioia-ascona.ch\/en\/produkt\/phoenix\/#breadcrumb","itemListElement":[{"@type":"ListItem","position":1,"name":"Startseite","item":"https:\/\/www.lagioia-ascona.ch\/en\/home\/"},{"@type":"ListItem","position":2,"name":"Shop","item":"https:\/\/www.lagioia-ascona.ch\/en\/shop-2\/"},{"@type":"ListItem","position":3,"name":"Phoenix &#8222;Verkauft&#8220;"}]},{"@type":"WebSite","@id":"https:\/\/www.lagioia-ascona.ch\/en\/#website","url":"https:\/\/www.lagioia-ascona.ch\/en\/","name":"La Gioia Ascona","description":"Schmuck, Kunst, Urlaub \u2013 unvergessliche Momente am Lago Maggiore","publisher":{"@id":"https:\/\/www.lagioia-ascona.ch\/en\/#organization"},"potentialAction":[{"@type":"SearchAction","target":{"@type":"EntryPoint","urlTemplate":"https:\/\/www.lagioia-ascona.ch\/en\/?s={search_term_string}"},"query-input":{"@type":"PropertyValueSpecification","valueRequired":true,"valueName":"search_term_string"}}],"inLanguage":"en-US"},{"@type":"Organization","@id":"https:\/\/www.lagioia-ascona.ch\/en\/#organization","name":"La Gioia Ascona","url":"https:\/\/www.lagioia-ascona.ch\/en\/","logo":{"@type":"ImageObject","inLanguage":"en-US","@id":"https:\/\/www.lagioia-ascona.ch\/en\/#\/schema\/logo\/image\/","url":"https:\/\/www.lagioia-ascona.ch\/wp-content\/uploads\/2022\/03\/Logo_neu.webp","contentUrl":"https:\/\/www.lagioia-ascona.ch\/wp-content\/uploads\/2022\/03\/Logo_neu.webp","width":708,"height":827,"caption":"La Gioia Ascona"},"image":{"@id":"https:\/\/www.lagioia-ascona.ch\/en\/#\/schema\/logo\/image\/"}}]}},"_links":{"self":[{"href":"https:\/\/www.lagioia-ascona.ch\/en\/wp-json\/wp\/v2\/product\/13134","targetHints":{"allow":["GET"]}}],"collection":[{"href":"https:\/\/www.lagioia-ascona.ch\/en\/wp-json\/wp\/v2\/product"}],"about":[{"href":"https:\/\/www.lagioia-ascona.ch\/en\/wp-json\/wp\/v2\/types\/product"}],"version-history":[{"count":0,"href":"https:\/\/www.lagioia-ascona.ch\/en\/wp-json\/wp\/v2\/product\/13134\/revisions"}],"wp:featuredmedia":[{"embeddable":true,"href":"https:\/\/www.lagioia-ascona.ch\/en\/wp-json\/wp\/v2\/media\/20828"}],"wp:attachment":[{"href":"https:\/\/www.lagioia-ascona.ch\/en\/wp-json\/wp\/v2\/media?parent=13134"}],"wp:term":[{"taxonomy":"product_brand","embeddable":true,"href":"https:\/\/www.lagioia-ascona.ch\/en\/wp-json\/wp\/v2\/product_brand?post=13134"},{"taxonomy":"product_cat","embeddable":true,"href":"https:\/\/www.lagioia-ascona.ch\/en\/wp-json\/wp\/v2\/product_cat?post=13134"},{"taxonomy":"product_tag","embeddable":true,"href":"https:\/\/www.lagioia-ascona.ch\/en\/wp-json\/wp\/v2\/product_tag?post=13134"}],"curies":[{"name":"wp","href":"https:\/\/api.w.org\/{rel}","templated":true}]}}