{"id":14034,"date":"2022-09-01T10:40:45","date_gmt":"2022-09-01T08:40:45","guid":{"rendered":"https:\/\/www.lagioia-ascona.ch\/?post_type=product&#038;p=14034"},"modified":"2023-07-17T10:00:48","modified_gmt":"2023-07-17T08:00:48","slug":"face-03","status":"publish","type":"product","link":"https:\/\/www.lagioia-ascona.ch\/it\/produkt\/face-03\/","title":{"rendered":"26 | Blumen Diptychon I I &#8220;Verkauft&#8221;"},"content":{"rendered":"<p>Ein Gem\u00e4ldeunikat von Michael Sazarin.<\/p>\n","protected":false},"excerpt":{"rendered":"<p>Unikat von Michael Sazarin | 2023 | Mischtechnik auf Leinwand | 100&#215;170 cm<\/p>\n<p><strong>Bei Anfrage bitte die Seriennummer angeben:<\/strong><\/p>\n<p><span style=\"font-size: x-large;\"><strong>GUMS2623<\/strong><\/span><\/p>\n<p><strong>Entdecken Sie unsere limitierten Outdoor-Kunstdrucke als kosteng\u00fcnstige Alternative zu unseren Gem\u00e4lde-Unikaten. <\/strong><\/p>\n<p><strong>Kontaktieren Sie uns f\u00fcr Ihr Wunschformat und f\u00fcr weitere Preisinformationen.<\/strong><\/p>\n","protected":false},"featured_media":23374,"template":"","meta":[],"product_brand":[],"product_cat":[74],"product_tag":[76,78,79,80,75,77],"class_list":{"0":"post-14034","1":"product","2":"type-product","3":"status-publish","4":"has-post-thumbnail","6":"product_cat-sazarin","7":"product_tag-gemaelde","8":"product_tag-kuenstler","9":"product_tag-leinwand","10":"product_tag-malerei","11":"product_tag-sazarin","12":"product_tag-unikate","14":"first","15":"instock","16":"sold-individually","17":"taxable","18":"shipping-taxable","19":"product-type-simple"},"yoast_head":"<!-- This site is optimized with the Yoast SEO plugin v27.4 - https:\/\/yoast.com\/product\/yoast-seo-wordpress\/ -->\n<title>26 | Blumen Diptychon I I &quot;Verkauft&quot; - La Gioia Ascona<\/title>\n<meta name=\"robots\" content=\"index, follow, max-snippet:-1, max-image-preview:large, max-video-preview:-1\" \/>\n<link rel=\"canonical\" href=\"https:\/\/www.lagioia-ascona.ch\/it\/produkt\/face-03\/\" \/>\n<meta property=\"og:locale\" content=\"it_IT\" \/>\n<meta property=\"og:type\" content=\"article\" \/>\n<meta property=\"og:title\" content=\"26 | Blumen Diptychon I I &quot;Verkauft&quot; - La Gioia Ascona\" \/>\n<meta property=\"og:description\" content=\"Unikat von Michael Sazarin | 2023 | Mischtechnik auf Leinwand | 100x170 cm  Bei Anfrage bitte die Seriennummer angeben:  GUMS2623  Entdecken Sie unsere limitierten Outdoor-Kunstdrucke als kosteng\u00fcnstige Alternative zu unseren Gem\u00e4lde-Unikaten.   Kontaktieren Sie uns f\u00fcr Ihr Wunschformat und f\u00fcr weitere Preisinformationen.\" \/>\n<meta property=\"og:url\" content=\"https:\/\/www.lagioia-ascona.ch\/it\/produkt\/face-03\/\" \/>\n<meta property=\"og:site_name\" content=\"La Gioia Ascona\" \/>\n<meta property=\"article:modified_time\" content=\"2023-07-17T08:00:48+00:00\" \/>\n<meta property=\"og:image\" content=\"https:\/\/www.lagioia-ascona.ch\/wp-content\/uploads\/2022\/10\/La-Gioia-Ascona-Arthouse-Sazarin-Gemaelde-Blumen-Diptychon-II.jpg\" \/>\n\t<meta property=\"og:image:width\" content=\"1110\" \/>\n\t<meta property=\"og:image:height\" content=\"1110\" \/>\n\t<meta property=\"og:image:type\" content=\"image\/jpeg\" \/>\n<meta name=\"twitter:card\" content=\"summary_large_image\" \/>\n<meta name=\"twitter:label1\" content=\"Tempo di lettura stimato\" \/>\n\t<meta name=\"twitter:data1\" content=\"1 minuto\" \/>\n<script type=\"application\/ld+json\" class=\"yoast-schema-graph\">{\"@context\":\"https:\\\/\\\/schema.org\",\"@graph\":[{\"@type\":\"WebPage\",\"@id\":\"https:\\\/\\\/www.lagioia-ascona.ch\\\/it\\\/produkt\\\/face-03\\\/\",\"url\":\"https:\\\/\\\/www.lagioia-ascona.ch\\\/it\\\/produkt\\\/face-03\\\/\",\"name\":\"26 | Blumen Diptychon I I \\\"Verkauft\\\" - La Gioia Ascona\",\"isPartOf\":{\"@id\":\"https:\\\/\\\/www.lagioia-ascona.ch\\\/it\\\/#website\"},\"primaryImageOfPage\":{\"@id\":\"https:\\\/\\\/www.lagioia-ascona.ch\\\/it\\\/produkt\\\/face-03\\\/#primaryimage\"},\"image\":{\"@id\":\"https:\\\/\\\/www.lagioia-ascona.ch\\\/it\\\/produkt\\\/face-03\\\/#primaryimage\"},\"thumbnailUrl\":\"https:\\\/\\\/www.lagioia-ascona.ch\\\/wp-content\\\/uploads\\\/2022\\\/10\\\/La-Gioia-Ascona-Arthouse-Sazarin-Gemaelde-Blumen-Diptychon-II.jpg\",\"datePublished\":\"2022-09-01T08:40:45+00:00\",\"dateModified\":\"2023-07-17T08:00:48+00:00\",\"breadcrumb\":{\"@id\":\"https:\\\/\\\/www.lagioia-ascona.ch\\\/it\\\/produkt\\\/face-03\\\/#breadcrumb\"},\"inLanguage\":\"it-IT\",\"potentialAction\":[{\"@type\":\"ReadAction\",\"target\":[\"https:\\\/\\\/www.lagioia-ascona.ch\\\/it\\\/produkt\\\/face-03\\\/\"]}]},{\"@type\":\"ImageObject\",\"inLanguage\":\"it-IT\",\"@id\":\"https:\\\/\\\/www.lagioia-ascona.ch\\\/it\\\/produkt\\\/face-03\\\/#primaryimage\",\"url\":\"https:\\\/\\\/www.lagioia-ascona.ch\\\/wp-content\\\/uploads\\\/2022\\\/10\\\/La-Gioia-Ascona-Arthouse-Sazarin-Gemaelde-Blumen-Diptychon-II.jpg\",\"contentUrl\":\"https:\\\/\\\/www.lagioia-ascona.ch\\\/wp-content\\\/uploads\\\/2022\\\/10\\\/La-Gioia-Ascona-Arthouse-Sazarin-Gemaelde-Blumen-Diptychon-II.jpg\",\"width\":1110,\"height\":1110},{\"@type\":\"BreadcrumbList\",\"@id\":\"https:\\\/\\\/www.lagioia-ascona.ch\\\/it\\\/produkt\\\/face-03\\\/#breadcrumb\",\"itemListElement\":[{\"@type\":\"ListItem\",\"position\":1,\"name\":\"Startseite\",\"item\":\"https:\\\/\\\/www.lagioia-ascona.ch\\\/it\\\/casa\\\/\"},{\"@type\":\"ListItem\",\"position\":2,\"name\":\"Shop\",\"item\":\"https:\\\/\\\/www.lagioia-ascona.ch\\\/?page_id=12074\"},{\"@type\":\"ListItem\",\"position\":3,\"name\":\"26 | Blumen Diptychon I I &#8222;Verkauft&#8220;\"}]},{\"@type\":\"WebSite\",\"@id\":\"https:\\\/\\\/www.lagioia-ascona.ch\\\/it\\\/#website\",\"url\":\"https:\\\/\\\/www.lagioia-ascona.ch\\\/it\\\/\",\"name\":\"La Gioia Ascona\",\"description\":\"Schmuck, Kunst, Urlaub \u2013 unvergessliche Momente am Lago Maggiore\",\"publisher\":{\"@id\":\"https:\\\/\\\/www.lagioia-ascona.ch\\\/it\\\/#organization\"},\"potentialAction\":[{\"@type\":\"SearchAction\",\"target\":{\"@type\":\"EntryPoint\",\"urlTemplate\":\"https:\\\/\\\/www.lagioia-ascona.ch\\\/it\\\/?s={search_term_string}\"},\"query-input\":{\"@type\":\"PropertyValueSpecification\",\"valueRequired\":true,\"valueName\":\"search_term_string\"}}],\"inLanguage\":\"it-IT\"},{\"@type\":\"Organization\",\"@id\":\"https:\\\/\\\/www.lagioia-ascona.ch\\\/it\\\/#organization\",\"name\":\"La Gioia Ascona\",\"url\":\"https:\\\/\\\/www.lagioia-ascona.ch\\\/it\\\/\",\"logo\":{\"@type\":\"ImageObject\",\"inLanguage\":\"it-IT\",\"@id\":\"https:\\\/\\\/www.lagioia-ascona.ch\\\/it\\\/#\\\/schema\\\/logo\\\/image\\\/\",\"url\":\"https:\\\/\\\/www.lagioia-ascona.ch\\\/wp-content\\\/uploads\\\/2022\\\/03\\\/Logo_neu.webp\",\"contentUrl\":\"https:\\\/\\\/www.lagioia-ascona.ch\\\/wp-content\\\/uploads\\\/2022\\\/03\\\/Logo_neu.webp\",\"width\":708,\"height\":827,\"caption\":\"La Gioia Ascona\"},\"image\":{\"@id\":\"https:\\\/\\\/www.lagioia-ascona.ch\\\/it\\\/#\\\/schema\\\/logo\\\/image\\\/\"}}]}<\/script>\n<!-- \/ Yoast SEO plugin. -->","yoast_head_json":{"title":"26 | Blumen Diptychon I I \"Verkauft\" - La Gioia Ascona","robots":{"index":"index","follow":"follow","max-snippet":"max-snippet:-1","max-image-preview":"max-image-preview:large","max-video-preview":"max-video-preview:-1"},"canonical":"https:\/\/www.lagioia-ascona.ch\/it\/produkt\/face-03\/","og_locale":"it_IT","og_type":"article","og_title":"26 | Blumen Diptychon I I \"Verkauft\" - La Gioia Ascona","og_description":"Unikat von Michael Sazarin | 2023 | Mischtechnik auf Leinwand | 100x170 cm  Bei Anfrage bitte die Seriennummer angeben:  GUMS2623  Entdecken Sie unsere limitierten Outdoor-Kunstdrucke als kosteng\u00fcnstige Alternative zu unseren Gem\u00e4lde-Unikaten.   Kontaktieren Sie uns f\u00fcr Ihr Wunschformat und f\u00fcr weitere Preisinformationen.","og_url":"https:\/\/www.lagioia-ascona.ch\/it\/produkt\/face-03\/","og_site_name":"La Gioia Ascona","article_modified_time":"2023-07-17T08:00:48+00:00","og_image":[{"width":1110,"height":1110,"url":"https:\/\/www.lagioia-ascona.ch\/wp-content\/uploads\/2022\/10\/La-Gioia-Ascona-Arthouse-Sazarin-Gemaelde-Blumen-Diptychon-II.jpg","type":"image\/jpeg"}],"twitter_card":"summary_large_image","twitter_misc":{"Tempo di lettura stimato":"1 minuto"},"schema":{"@context":"https:\/\/schema.org","@graph":[{"@type":"WebPage","@id":"https:\/\/www.lagioia-ascona.ch\/it\/produkt\/face-03\/","url":"https:\/\/www.lagioia-ascona.ch\/it\/produkt\/face-03\/","name":"26 | Blumen Diptychon I I \"Verkauft\" - La Gioia Ascona","isPartOf":{"@id":"https:\/\/www.lagioia-ascona.ch\/it\/#website"},"primaryImageOfPage":{"@id":"https:\/\/www.lagioia-ascona.ch\/it\/produkt\/face-03\/#primaryimage"},"image":{"@id":"https:\/\/www.lagioia-ascona.ch\/it\/produkt\/face-03\/#primaryimage"},"thumbnailUrl":"https:\/\/www.lagioia-ascona.ch\/wp-content\/uploads\/2022\/10\/La-Gioia-Ascona-Arthouse-Sazarin-Gemaelde-Blumen-Diptychon-II.jpg","datePublished":"2022-09-01T08:40:45+00:00","dateModified":"2023-07-17T08:00:48+00:00","breadcrumb":{"@id":"https:\/\/www.lagioia-ascona.ch\/it\/produkt\/face-03\/#breadcrumb"},"inLanguage":"it-IT","potentialAction":[{"@type":"ReadAction","target":["https:\/\/www.lagioia-ascona.ch\/it\/produkt\/face-03\/"]}]},{"@type":"ImageObject","inLanguage":"it-IT","@id":"https:\/\/www.lagioia-ascona.ch\/it\/produkt\/face-03\/#primaryimage","url":"https:\/\/www.lagioia-ascona.ch\/wp-content\/uploads\/2022\/10\/La-Gioia-Ascona-Arthouse-Sazarin-Gemaelde-Blumen-Diptychon-II.jpg","contentUrl":"https:\/\/www.lagioia-ascona.ch\/wp-content\/uploads\/2022\/10\/La-Gioia-Ascona-Arthouse-Sazarin-Gemaelde-Blumen-Diptychon-II.jpg","width":1110,"height":1110},{"@type":"BreadcrumbList","@id":"https:\/\/www.lagioia-ascona.ch\/it\/produkt\/face-03\/#breadcrumb","itemListElement":[{"@type":"ListItem","position":1,"name":"Startseite","item":"https:\/\/www.lagioia-ascona.ch\/it\/casa\/"},{"@type":"ListItem","position":2,"name":"Shop","item":"https:\/\/www.lagioia-ascona.ch\/?page_id=12074"},{"@type":"ListItem","position":3,"name":"26 | Blumen Diptychon I I &#8222;Verkauft&#8220;"}]},{"@type":"WebSite","@id":"https:\/\/www.lagioia-ascona.ch\/it\/#website","url":"https:\/\/www.lagioia-ascona.ch\/it\/","name":"La Gioia Ascona","description":"Schmuck, Kunst, Urlaub \u2013 unvergessliche Momente am Lago Maggiore","publisher":{"@id":"https:\/\/www.lagioia-ascona.ch\/it\/#organization"},"potentialAction":[{"@type":"SearchAction","target":{"@type":"EntryPoint","urlTemplate":"https:\/\/www.lagioia-ascona.ch\/it\/?s={search_term_string}"},"query-input":{"@type":"PropertyValueSpecification","valueRequired":true,"valueName":"search_term_string"}}],"inLanguage":"it-IT"},{"@type":"Organization","@id":"https:\/\/www.lagioia-ascona.ch\/it\/#organization","name":"La Gioia Ascona","url":"https:\/\/www.lagioia-ascona.ch\/it\/","logo":{"@type":"ImageObject","inLanguage":"it-IT","@id":"https:\/\/www.lagioia-ascona.ch\/it\/#\/schema\/logo\/image\/","url":"https:\/\/www.lagioia-ascona.ch\/wp-content\/uploads\/2022\/03\/Logo_neu.webp","contentUrl":"https:\/\/www.lagioia-ascona.ch\/wp-content\/uploads\/2022\/03\/Logo_neu.webp","width":708,"height":827,"caption":"La Gioia Ascona"},"image":{"@id":"https:\/\/www.lagioia-ascona.ch\/it\/#\/schema\/logo\/image\/"}}]}},"_links":{"self":[{"href":"https:\/\/www.lagioia-ascona.ch\/it\/wp-json\/wp\/v2\/product\/14034","targetHints":{"allow":["GET"]}}],"collection":[{"href":"https:\/\/www.lagioia-ascona.ch\/it\/wp-json\/wp\/v2\/product"}],"about":[{"href":"https:\/\/www.lagioia-ascona.ch\/it\/wp-json\/wp\/v2\/types\/product"}],"version-history":[{"count":0,"href":"https:\/\/www.lagioia-ascona.ch\/it\/wp-json\/wp\/v2\/product\/14034\/revisions"}],"wp:featuredmedia":[{"embeddable":true,"href":"https:\/\/www.lagioia-ascona.ch\/it\/wp-json\/wp\/v2\/media\/23374"}],"wp:attachment":[{"href":"https:\/\/www.lagioia-ascona.ch\/it\/wp-json\/wp\/v2\/media?parent=14034"}],"wp:term":[{"taxonomy":"product_brand","embeddable":true,"href":"https:\/\/www.lagioia-ascona.ch\/it\/wp-json\/wp\/v2\/product_brand?post=14034"},{"taxonomy":"product_cat","embeddable":true,"href":"https:\/\/www.lagioia-ascona.ch\/it\/wp-json\/wp\/v2\/product_cat?post=14034"},{"taxonomy":"product_tag","embeddable":true,"href":"https:\/\/www.lagioia-ascona.ch\/it\/wp-json\/wp\/v2\/product_tag?post=14034"}],"curies":[{"name":"wp","href":"https:\/\/api.w.org\/{rel}","templated":true}]}}