{"id":38846,"date":"2025-10-10T21:39:54","date_gmt":"2025-10-10T19:39:54","guid":{"rendered":"https:\/\/www.lagioia-ascona.ch\/?post_type=product&#038;p=38846"},"modified":"2026-04-21T10:56:44","modified_gmt":"2026-04-21T08:56:44","slug":"furrer-jacot-damenring-valessia-750wg-90-brillanten","status":"publish","type":"product","link":"https:\/\/www.lagioia-ascona.ch\/it\/produkt\/furrer-jacot-damenring-valessia-750wg-90-brillanten\/","title":{"rendered":"Furrer Jacot Damenring Valessia 750 Wei\u00dfgold | 90 Brillanten Pav\u00e9"},"content":{"rendered":"","protected":false},"excerpt":{"rendered":"<p data-start=\"982\" data-end=\"1099\">Damenring aus 750 Wei\u00dfgold, Pav\u00e9-gefasst mit 90 Brillanten F\u2013G VS 0.636 ct,<br data-start=\"1057\" data-end=\"1060\" \/>mit Mittelstein 1.00 ct F\u2013G VS (GIA).<\/p>\n<p data-start=\"1101\" data-end=\"1171\">Bei Anfrage bitte die Artikelnummer angeben.<br data-start=\"1145\" data-end=\"1148\" \/><strong>Art.-Nr. 53-66791-P-0<\/strong><\/p>\n<p data-start=\"1173\" data-end=\"1275\">Ring mit offiziellem GIA-Zertifikat.<br data-start=\"1209\" data-end=\"1212\" \/>Auch erh\u00e4ltlich in 750 Gelbgold, 750 Ros\u00e9gold und 950 Platin.<\/p>\n<p data-start=\"1277\" data-end=\"1333\">(1.25 ct Ausf\u00fchrung: 25 550 CHF)<\/p>\n","protected":false},"featured_media":38850,"template":"","meta":[],"product_brand":[],"product_cat":[469],"product_tag":[197],"class_list":{"0":"post-38846","1":"product","2":"type-product","3":"status-publish","4":"has-post-thumbnail","6":"product_cat-furrer-jacot-verlobungsringe","7":"product_tag-schmuck","9":"first","10":"instock","11":"taxable","12":"shipping-taxable","13":"purchasable","14":"product-type-simple"},"yoast_head":"<!-- This site is optimized with the Yoast SEO plugin v27.4 - https:\/\/yoast.com\/product\/yoast-seo-wordpress\/ -->\n<title>Furrer Jacot Damenring Valessia 750 Wei\u00dfgold | 90 Brillanten Pav\u00e9 - La Gioia Ascona<\/title>\n<meta name=\"robots\" content=\"index, follow, max-snippet:-1, max-image-preview:large, max-video-preview:-1\" \/>\n<link rel=\"canonical\" href=\"https:\/\/www.lagioia-ascona.ch\/it\/produkt\/furrer-jacot-damenring-valessia-750wg-90-brillanten\/\" \/>\n<meta property=\"og:locale\" content=\"it_IT\" \/>\n<meta property=\"og:type\" content=\"article\" \/>\n<meta property=\"og:title\" content=\"Furrer Jacot Damenring Valessia 750 Wei\u00dfgold | 90 Brillanten Pav\u00e9 - La Gioia Ascona\" \/>\n<meta property=\"og:description\" content=\"Damenring aus 750 Wei\u00dfgold, Pav\u00e9-gefasst mit 90 Brillanten F\u2013G VS 0.636 ct,mit Mittelstein 1.00 ct F\u2013G VS (GIA). Bei Anfrage bitte die Artikelnummer angeben.Art.-Nr. 53-66791-P-0 Ring mit offiziellem GIA-Zertifikat.Auch erh\u00e4ltlich in 750 Gelbgold, 750 Ros\u00e9gold und 950 Platin. (1.25 ct Ausf\u00fchrung: 25 550 CHF)\" \/>\n<meta property=\"og:url\" content=\"https:\/\/www.lagioia-ascona.ch\/it\/produkt\/furrer-jacot-damenring-valessia-750wg-90-brillanten\/\" \/>\n<meta property=\"og:site_name\" content=\"La Gioia Ascona\" \/>\n<meta property=\"article:modified_time\" content=\"2026-04-21T08:56:44+00:00\" \/>\n<meta property=\"og:image\" content=\"https:\/\/www.lagioia-ascona.ch\/wp-content\/uploads\/2025\/10\/53-66791-P-0.webp\" \/>\n\t<meta property=\"og:image:width\" content=\"1500\" \/>\n\t<meta property=\"og:image:height\" content=\"1500\" \/>\n\t<meta property=\"og:image:type\" content=\"image\/webp\" \/>\n<meta name=\"twitter:card\" content=\"summary_large_image\" \/>\n<meta name=\"twitter:label1\" content=\"Tempo di lettura stimato\" \/>\n\t<meta name=\"twitter:data1\" content=\"1 minuto\" \/>\n<script type=\"application\/ld+json\" class=\"yoast-schema-graph\">{\"@context\":\"https:\\\/\\\/schema.org\",\"@graph\":[{\"@type\":\"WebPage\",\"@id\":\"https:\\\/\\\/www.lagioia-ascona.ch\\\/it\\\/produkt\\\/furrer-jacot-damenring-valessia-750wg-90-brillanten\\\/\",\"url\":\"https:\\\/\\\/www.lagioia-ascona.ch\\\/it\\\/produkt\\\/furrer-jacot-damenring-valessia-750wg-90-brillanten\\\/\",\"name\":\"Furrer Jacot Damenring Valessia 750 Wei\u00dfgold | 90 Brillanten Pav\u00e9 - La Gioia Ascona\",\"isPartOf\":{\"@id\":\"https:\\\/\\\/www.lagioia-ascona.ch\\\/it\\\/#website\"},\"primaryImageOfPage\":{\"@id\":\"https:\\\/\\\/www.lagioia-ascona.ch\\\/it\\\/produkt\\\/furrer-jacot-damenring-valessia-750wg-90-brillanten\\\/#primaryimage\"},\"image\":{\"@id\":\"https:\\\/\\\/www.lagioia-ascona.ch\\\/it\\\/produkt\\\/furrer-jacot-damenring-valessia-750wg-90-brillanten\\\/#primaryimage\"},\"thumbnailUrl\":\"https:\\\/\\\/www.lagioia-ascona.ch\\\/wp-content\\\/uploads\\\/2025\\\/10\\\/53-66791-P-0.webp\",\"datePublished\":\"2025-10-10T19:39:54+00:00\",\"dateModified\":\"2026-04-21T08:56:44+00:00\",\"breadcrumb\":{\"@id\":\"https:\\\/\\\/www.lagioia-ascona.ch\\\/it\\\/produkt\\\/furrer-jacot-damenring-valessia-750wg-90-brillanten\\\/#breadcrumb\"},\"inLanguage\":\"it-IT\",\"potentialAction\":[{\"@type\":\"ReadAction\",\"target\":[\"https:\\\/\\\/www.lagioia-ascona.ch\\\/it\\\/produkt\\\/furrer-jacot-damenring-valessia-750wg-90-brillanten\\\/\"]}]},{\"@type\":\"ImageObject\",\"inLanguage\":\"it-IT\",\"@id\":\"https:\\\/\\\/www.lagioia-ascona.ch\\\/it\\\/produkt\\\/furrer-jacot-damenring-valessia-750wg-90-brillanten\\\/#primaryimage\",\"url\":\"https:\\\/\\\/www.lagioia-ascona.ch\\\/wp-content\\\/uploads\\\/2025\\\/10\\\/53-66791-P-0.webp\",\"contentUrl\":\"https:\\\/\\\/www.lagioia-ascona.ch\\\/wp-content\\\/uploads\\\/2025\\\/10\\\/53-66791-P-0.webp\",\"width\":1500,\"height\":1500},{\"@type\":\"BreadcrumbList\",\"@id\":\"https:\\\/\\\/www.lagioia-ascona.ch\\\/it\\\/produkt\\\/furrer-jacot-damenring-valessia-750wg-90-brillanten\\\/#breadcrumb\",\"itemListElement\":[{\"@type\":\"ListItem\",\"position\":1,\"name\":\"Startseite\",\"item\":\"https:\\\/\\\/www.lagioia-ascona.ch\\\/it\\\/casa\\\/\"},{\"@type\":\"ListItem\",\"position\":2,\"name\":\"Shop\",\"item\":\"https:\\\/\\\/www.lagioia-ascona.ch\\\/?page_id=12074\"},{\"@type\":\"ListItem\",\"position\":3,\"name\":\"Furrer Jacot Damenring Valessia 750 Wei\u00dfgold | 90 Brillanten Pav\u00e9\"}]},{\"@type\":\"WebSite\",\"@id\":\"https:\\\/\\\/www.lagioia-ascona.ch\\\/it\\\/#website\",\"url\":\"https:\\\/\\\/www.lagioia-ascona.ch\\\/it\\\/\",\"name\":\"La Gioia Ascona\",\"description\":\"Schmuck, Kunst, Urlaub \u2013 unvergessliche Momente am Lago Maggiore\",\"publisher\":{\"@id\":\"https:\\\/\\\/www.lagioia-ascona.ch\\\/it\\\/#organization\"},\"potentialAction\":[{\"@type\":\"SearchAction\",\"target\":{\"@type\":\"EntryPoint\",\"urlTemplate\":\"https:\\\/\\\/www.lagioia-ascona.ch\\\/it\\\/?s={search_term_string}\"},\"query-input\":{\"@type\":\"PropertyValueSpecification\",\"valueRequired\":true,\"valueName\":\"search_term_string\"}}],\"inLanguage\":\"it-IT\"},{\"@type\":\"Organization\",\"@id\":\"https:\\\/\\\/www.lagioia-ascona.ch\\\/it\\\/#organization\",\"name\":\"La Gioia Ascona\",\"url\":\"https:\\\/\\\/www.lagioia-ascona.ch\\\/it\\\/\",\"logo\":{\"@type\":\"ImageObject\",\"inLanguage\":\"it-IT\",\"@id\":\"https:\\\/\\\/www.lagioia-ascona.ch\\\/it\\\/#\\\/schema\\\/logo\\\/image\\\/\",\"url\":\"https:\\\/\\\/www.lagioia-ascona.ch\\\/wp-content\\\/uploads\\\/2022\\\/03\\\/Logo_neu.webp\",\"contentUrl\":\"https:\\\/\\\/www.lagioia-ascona.ch\\\/wp-content\\\/uploads\\\/2022\\\/03\\\/Logo_neu.webp\",\"width\":708,\"height\":827,\"caption\":\"La Gioia Ascona\"},\"image\":{\"@id\":\"https:\\\/\\\/www.lagioia-ascona.ch\\\/it\\\/#\\\/schema\\\/logo\\\/image\\\/\"}}]}<\/script>\n<!-- \/ Yoast SEO plugin. -->","yoast_head_json":{"title":"Furrer Jacot Damenring Valessia 750 Wei\u00dfgold | 90 Brillanten Pav\u00e9 - La Gioia Ascona","robots":{"index":"index","follow":"follow","max-snippet":"max-snippet:-1","max-image-preview":"max-image-preview:large","max-video-preview":"max-video-preview:-1"},"canonical":"https:\/\/www.lagioia-ascona.ch\/it\/produkt\/furrer-jacot-damenring-valessia-750wg-90-brillanten\/","og_locale":"it_IT","og_type":"article","og_title":"Furrer Jacot Damenring Valessia 750 Wei\u00dfgold | 90 Brillanten Pav\u00e9 - La Gioia Ascona","og_description":"Damenring aus 750 Wei\u00dfgold, Pav\u00e9-gefasst mit 90 Brillanten F\u2013G VS 0.636 ct,mit Mittelstein 1.00 ct F\u2013G VS (GIA). Bei Anfrage bitte die Artikelnummer angeben.Art.-Nr. 53-66791-P-0 Ring mit offiziellem GIA-Zertifikat.Auch erh\u00e4ltlich in 750 Gelbgold, 750 Ros\u00e9gold und 950 Platin. (1.25 ct Ausf\u00fchrung: 25 550 CHF)","og_url":"https:\/\/www.lagioia-ascona.ch\/it\/produkt\/furrer-jacot-damenring-valessia-750wg-90-brillanten\/","og_site_name":"La Gioia Ascona","article_modified_time":"2026-04-21T08:56:44+00:00","og_image":[{"width":1500,"height":1500,"url":"https:\/\/www.lagioia-ascona.ch\/wp-content\/uploads\/2025\/10\/53-66791-P-0.webp","type":"image\/webp"}],"twitter_card":"summary_large_image","twitter_misc":{"Tempo di lettura stimato":"1 minuto"},"schema":{"@context":"https:\/\/schema.org","@graph":[{"@type":"WebPage","@id":"https:\/\/www.lagioia-ascona.ch\/it\/produkt\/furrer-jacot-damenring-valessia-750wg-90-brillanten\/","url":"https:\/\/www.lagioia-ascona.ch\/it\/produkt\/furrer-jacot-damenring-valessia-750wg-90-brillanten\/","name":"Furrer Jacot Damenring Valessia 750 Wei\u00dfgold | 90 Brillanten Pav\u00e9 - La Gioia Ascona","isPartOf":{"@id":"https:\/\/www.lagioia-ascona.ch\/it\/#website"},"primaryImageOfPage":{"@id":"https:\/\/www.lagioia-ascona.ch\/it\/produkt\/furrer-jacot-damenring-valessia-750wg-90-brillanten\/#primaryimage"},"image":{"@id":"https:\/\/www.lagioia-ascona.ch\/it\/produkt\/furrer-jacot-damenring-valessia-750wg-90-brillanten\/#primaryimage"},"thumbnailUrl":"https:\/\/www.lagioia-ascona.ch\/wp-content\/uploads\/2025\/10\/53-66791-P-0.webp","datePublished":"2025-10-10T19:39:54+00:00","dateModified":"2026-04-21T08:56:44+00:00","breadcrumb":{"@id":"https:\/\/www.lagioia-ascona.ch\/it\/produkt\/furrer-jacot-damenring-valessia-750wg-90-brillanten\/#breadcrumb"},"inLanguage":"it-IT","potentialAction":[{"@type":"ReadAction","target":["https:\/\/www.lagioia-ascona.ch\/it\/produkt\/furrer-jacot-damenring-valessia-750wg-90-brillanten\/"]}]},{"@type":"ImageObject","inLanguage":"it-IT","@id":"https:\/\/www.lagioia-ascona.ch\/it\/produkt\/furrer-jacot-damenring-valessia-750wg-90-brillanten\/#primaryimage","url":"https:\/\/www.lagioia-ascona.ch\/wp-content\/uploads\/2025\/10\/53-66791-P-0.webp","contentUrl":"https:\/\/www.lagioia-ascona.ch\/wp-content\/uploads\/2025\/10\/53-66791-P-0.webp","width":1500,"height":1500},{"@type":"BreadcrumbList","@id":"https:\/\/www.lagioia-ascona.ch\/it\/produkt\/furrer-jacot-damenring-valessia-750wg-90-brillanten\/#breadcrumb","itemListElement":[{"@type":"ListItem","position":1,"name":"Startseite","item":"https:\/\/www.lagioia-ascona.ch\/it\/casa\/"},{"@type":"ListItem","position":2,"name":"Shop","item":"https:\/\/www.lagioia-ascona.ch\/?page_id=12074"},{"@type":"ListItem","position":3,"name":"Furrer Jacot Damenring Valessia 750 Wei\u00dfgold | 90 Brillanten Pav\u00e9"}]},{"@type":"WebSite","@id":"https:\/\/www.lagioia-ascona.ch\/it\/#website","url":"https:\/\/www.lagioia-ascona.ch\/it\/","name":"La Gioia Ascona","description":"Schmuck, Kunst, Urlaub \u2013 unvergessliche Momente am Lago Maggiore","publisher":{"@id":"https:\/\/www.lagioia-ascona.ch\/it\/#organization"},"potentialAction":[{"@type":"SearchAction","target":{"@type":"EntryPoint","urlTemplate":"https:\/\/www.lagioia-ascona.ch\/it\/?s={search_term_string}"},"query-input":{"@type":"PropertyValueSpecification","valueRequired":true,"valueName":"search_term_string"}}],"inLanguage":"it-IT"},{"@type":"Organization","@id":"https:\/\/www.lagioia-ascona.ch\/it\/#organization","name":"La Gioia Ascona","url":"https:\/\/www.lagioia-ascona.ch\/it\/","logo":{"@type":"ImageObject","inLanguage":"it-IT","@id":"https:\/\/www.lagioia-ascona.ch\/it\/#\/schema\/logo\/image\/","url":"https:\/\/www.lagioia-ascona.ch\/wp-content\/uploads\/2022\/03\/Logo_neu.webp","contentUrl":"https:\/\/www.lagioia-ascona.ch\/wp-content\/uploads\/2022\/03\/Logo_neu.webp","width":708,"height":827,"caption":"La Gioia Ascona"},"image":{"@id":"https:\/\/www.lagioia-ascona.ch\/it\/#\/schema\/logo\/image\/"}}]}},"_links":{"self":[{"href":"https:\/\/www.lagioia-ascona.ch\/it\/wp-json\/wp\/v2\/product\/38846","targetHints":{"allow":["GET"]}}],"collection":[{"href":"https:\/\/www.lagioia-ascona.ch\/it\/wp-json\/wp\/v2\/product"}],"about":[{"href":"https:\/\/www.lagioia-ascona.ch\/it\/wp-json\/wp\/v2\/types\/product"}],"version-history":[{"count":5,"href":"https:\/\/www.lagioia-ascona.ch\/it\/wp-json\/wp\/v2\/product\/38846\/revisions"}],"predecessor-version":[{"id":41779,"href":"https:\/\/www.lagioia-ascona.ch\/it\/wp-json\/wp\/v2\/product\/38846\/revisions\/41779"}],"wp:featuredmedia":[{"embeddable":true,"href":"https:\/\/www.lagioia-ascona.ch\/it\/wp-json\/wp\/v2\/media\/38850"}],"wp:attachment":[{"href":"https:\/\/www.lagioia-ascona.ch\/it\/wp-json\/wp\/v2\/media?parent=38846"}],"wp:term":[{"taxonomy":"product_brand","embeddable":true,"href":"https:\/\/www.lagioia-ascona.ch\/it\/wp-json\/wp\/v2\/product_brand?post=38846"},{"taxonomy":"product_cat","embeddable":true,"href":"https:\/\/www.lagioia-ascona.ch\/it\/wp-json\/wp\/v2\/product_cat?post=38846"},{"taxonomy":"product_tag","embeddable":true,"href":"https:\/\/www.lagioia-ascona.ch\/it\/wp-json\/wp\/v2\/product_tag?post=38846"}],"curies":[{"name":"wp","href":"https:\/\/api.w.org\/{rel}","templated":true}]}}