{"id":41197,"date":"2026-01-13T11:27:04","date_gmt":"2026-01-13T10:27:04","guid":{"rendered":"https:\/\/www.lagioia-ascona.ch\/produkt\/lips-big-2025-christo-dagorov\/"},"modified":"2026-01-13T11:27:04","modified_gmt":"2026-01-13T10:27:04","slug":"lips-big-2025-christo-dagorov","status":"publish","type":"product","link":"https:\/\/www.lagioia-ascona.ch\/it\/produkt\/lips-big-2025-christo-dagorov\/","title":{"rendered":"Lips big \u2013 2025 | Christo Dagorov"},"content":{"rendered":"<p>Influence, 2025, acciaio inox inciso a mano, 75 x 150 cm<\/p>\n<p>Opera unica di Christo Dagorov.<\/p>\n","protected":false},"excerpt":{"rendered":"<p><strong>Opera unica di Christo Dagorov | 2025 | acciaio inox inciso a mano | 75 x 150 cm<\/strong><\/p>\n<p>Fondamentalmente tutto il mio ambiente \u00e8 nutrimento.<br \/>\nHo la scelta tra ci\u00f2 che \u00e8 sano e ci\u00f2 che non lo \u00e8.<br \/>\nCi\u00f2 che io emetto \u00e8 a sua volta nutrimento per il mio ambiente, che nutro, secondo ci\u00f2 che ho assimilato, con ci\u00f2 che \u00e8 sano oppure con ci\u00f2 che non lo \u00e8. Christo Dagorov<\/p>\n","protected":false},"featured_media":40059,"template":"","meta":[],"product_brand":[],"product_cat":[484],"product_tag":[477,485,475,476,479,478],"class_list":{"0":"post-41197","1":"product","2":"type-product","3":"status-publish","4":"has-post-thumbnail","6":"product_cat-dagorov","7":"product_tag-artista","8":"product_tag-dagorov","9":"product_tag-dipinto","10":"product_tag-opere-uniche","11":"product_tag-pittura","12":"product_tag-tela","14":"first","15":"outofstock","16":"sold-individually","17":"taxable","18":"shipping-taxable","19":"purchasable","20":"product-type-simple"},"yoast_head":"<!-- This site is optimized with the Yoast SEO plugin v27.4 - https:\/\/yoast.com\/product\/yoast-seo-wordpress\/ -->\n<title>Lips big \u2013 2025 | Christo Dagorov - La Gioia Ascona<\/title>\n<meta name=\"robots\" content=\"index, follow, max-snippet:-1, max-image-preview:large, max-video-preview:-1\" \/>\n<link rel=\"canonical\" href=\"https:\/\/www.lagioia-ascona.ch\/it\/produkt\/lips-big-2025-christo-dagorov\/\" \/>\n<meta property=\"og:locale\" content=\"it_IT\" \/>\n<meta property=\"og:type\" content=\"article\" \/>\n<meta property=\"og:title\" content=\"Lips big \u2013 2025 | Christo Dagorov - La Gioia Ascona\" \/>\n<meta property=\"og:description\" content=\"Opera unica di Christo Dagorov | 2025 | acciaio inox inciso a mano | 75 x 150 cm Fondamentalmente tutto il mio ambiente \u00e8 nutrimento. Ho la scelta tra ci\u00f2 che \u00e8 sano e ci\u00f2 che non lo \u00e8. Ci\u00f2 che io emetto \u00e8 a sua volta nutrimento per il mio ambiente, che nutro, secondo ci\u00f2 che ho assimilato, con ci\u00f2 che \u00e8 sano oppure con ci\u00f2 che non lo \u00e8. Christo Dagorov\" \/>\n<meta property=\"og:url\" content=\"https:\/\/www.lagioia-ascona.ch\/it\/produkt\/lips-big-2025-christo-dagorov\/\" \/>\n<meta property=\"og:site_name\" content=\"La Gioia Ascona\" \/>\n<meta property=\"og:image\" content=\"https:\/\/www.lagioia-ascona.ch\/wp-content\/uploads\/2026\/01\/lips-gross.webp\" \/>\n\t<meta property=\"og:image:width\" content=\"1200\" \/>\n\t<meta property=\"og:image:height\" content=\"594\" \/>\n\t<meta property=\"og:image:type\" content=\"image\/webp\" \/>\n<meta name=\"twitter:card\" content=\"summary_large_image\" \/>\n<script type=\"application\/ld+json\" class=\"yoast-schema-graph\">{\"@context\":\"https:\\\/\\\/schema.org\",\"@graph\":[{\"@type\":\"WebPage\",\"@id\":\"https:\\\/\\\/www.lagioia-ascona.ch\\\/it\\\/produkt\\\/lips-big-2025-christo-dagorov\\\/\",\"url\":\"https:\\\/\\\/www.lagioia-ascona.ch\\\/it\\\/produkt\\\/lips-big-2025-christo-dagorov\\\/\",\"name\":\"Lips big \u2013 2025 | Christo Dagorov - La Gioia Ascona\",\"isPartOf\":{\"@id\":\"https:\\\/\\\/www.lagioia-ascona.ch\\\/it\\\/#website\"},\"primaryImageOfPage\":{\"@id\":\"https:\\\/\\\/www.lagioia-ascona.ch\\\/it\\\/produkt\\\/lips-big-2025-christo-dagorov\\\/#primaryimage\"},\"image\":{\"@id\":\"https:\\\/\\\/www.lagioia-ascona.ch\\\/it\\\/produkt\\\/lips-big-2025-christo-dagorov\\\/#primaryimage\"},\"thumbnailUrl\":\"https:\\\/\\\/www.lagioia-ascona.ch\\\/wp-content\\\/uploads\\\/2026\\\/01\\\/lips-gross.webp\",\"datePublished\":\"2026-01-13T10:27:04+00:00\",\"breadcrumb\":{\"@id\":\"https:\\\/\\\/www.lagioia-ascona.ch\\\/it\\\/produkt\\\/lips-big-2025-christo-dagorov\\\/#breadcrumb\"},\"inLanguage\":\"it-IT\",\"potentialAction\":[{\"@type\":\"ReadAction\",\"target\":[\"https:\\\/\\\/www.lagioia-ascona.ch\\\/it\\\/produkt\\\/lips-big-2025-christo-dagorov\\\/\"]}]},{\"@type\":\"ImageObject\",\"inLanguage\":\"it-IT\",\"@id\":\"https:\\\/\\\/www.lagioia-ascona.ch\\\/it\\\/produkt\\\/lips-big-2025-christo-dagorov\\\/#primaryimage\",\"url\":\"https:\\\/\\\/www.lagioia-ascona.ch\\\/wp-content\\\/uploads\\\/2026\\\/01\\\/lips-gross.webp\",\"contentUrl\":\"https:\\\/\\\/www.lagioia-ascona.ch\\\/wp-content\\\/uploads\\\/2026\\\/01\\\/lips-gross.webp\",\"width\":1200,\"height\":594},{\"@type\":\"BreadcrumbList\",\"@id\":\"https:\\\/\\\/www.lagioia-ascona.ch\\\/it\\\/produkt\\\/lips-big-2025-christo-dagorov\\\/#breadcrumb\",\"itemListElement\":[{\"@type\":\"ListItem\",\"position\":1,\"name\":\"Startseite\",\"item\":\"https:\\\/\\\/www.lagioia-ascona.ch\\\/it\\\/casa\\\/\"},{\"@type\":\"ListItem\",\"position\":2,\"name\":\"Shop\",\"item\":\"https:\\\/\\\/www.lagioia-ascona.ch\\\/?page_id=12074\"},{\"@type\":\"ListItem\",\"position\":3,\"name\":\"Lips big \u2013 2025 | Christo Dagorov\"}]},{\"@type\":\"WebSite\",\"@id\":\"https:\\\/\\\/www.lagioia-ascona.ch\\\/it\\\/#website\",\"url\":\"https:\\\/\\\/www.lagioia-ascona.ch\\\/it\\\/\",\"name\":\"La Gioia Ascona\",\"description\":\"Schmuck, Kunst, Urlaub \u2013 unvergessliche Momente am Lago Maggiore\",\"publisher\":{\"@id\":\"https:\\\/\\\/www.lagioia-ascona.ch\\\/it\\\/#organization\"},\"potentialAction\":[{\"@type\":\"SearchAction\",\"target\":{\"@type\":\"EntryPoint\",\"urlTemplate\":\"https:\\\/\\\/www.lagioia-ascona.ch\\\/it\\\/?s={search_term_string}\"},\"query-input\":{\"@type\":\"PropertyValueSpecification\",\"valueRequired\":true,\"valueName\":\"search_term_string\"}}],\"inLanguage\":\"it-IT\"},{\"@type\":\"Organization\",\"@id\":\"https:\\\/\\\/www.lagioia-ascona.ch\\\/it\\\/#organization\",\"name\":\"La Gioia Ascona\",\"url\":\"https:\\\/\\\/www.lagioia-ascona.ch\\\/it\\\/\",\"logo\":{\"@type\":\"ImageObject\",\"inLanguage\":\"it-IT\",\"@id\":\"https:\\\/\\\/www.lagioia-ascona.ch\\\/it\\\/#\\\/schema\\\/logo\\\/image\\\/\",\"url\":\"https:\\\/\\\/www.lagioia-ascona.ch\\\/wp-content\\\/uploads\\\/2022\\\/03\\\/Logo_neu.webp\",\"contentUrl\":\"https:\\\/\\\/www.lagioia-ascona.ch\\\/wp-content\\\/uploads\\\/2022\\\/03\\\/Logo_neu.webp\",\"width\":708,\"height\":827,\"caption\":\"La Gioia Ascona\"},\"image\":{\"@id\":\"https:\\\/\\\/www.lagioia-ascona.ch\\\/it\\\/#\\\/schema\\\/logo\\\/image\\\/\"}}]}<\/script>\n<!-- \/ Yoast SEO plugin. -->","yoast_head_json":{"title":"Lips big \u2013 2025 | Christo Dagorov - La Gioia Ascona","robots":{"index":"index","follow":"follow","max-snippet":"max-snippet:-1","max-image-preview":"max-image-preview:large","max-video-preview":"max-video-preview:-1"},"canonical":"https:\/\/www.lagioia-ascona.ch\/it\/produkt\/lips-big-2025-christo-dagorov\/","og_locale":"it_IT","og_type":"article","og_title":"Lips big \u2013 2025 | Christo Dagorov - La Gioia Ascona","og_description":"Opera unica di Christo Dagorov | 2025 | acciaio inox inciso a mano | 75 x 150 cm Fondamentalmente tutto il mio ambiente \u00e8 nutrimento. Ho la scelta tra ci\u00f2 che \u00e8 sano e ci\u00f2 che non lo \u00e8. Ci\u00f2 che io emetto \u00e8 a sua volta nutrimento per il mio ambiente, che nutro, secondo ci\u00f2 che ho assimilato, con ci\u00f2 che \u00e8 sano oppure con ci\u00f2 che non lo \u00e8. Christo Dagorov","og_url":"https:\/\/www.lagioia-ascona.ch\/it\/produkt\/lips-big-2025-christo-dagorov\/","og_site_name":"La Gioia Ascona","og_image":[{"width":1200,"height":594,"url":"https:\/\/www.lagioia-ascona.ch\/wp-content\/uploads\/2026\/01\/lips-gross.webp","type":"image\/webp"}],"twitter_card":"summary_large_image","schema":{"@context":"https:\/\/schema.org","@graph":[{"@type":"WebPage","@id":"https:\/\/www.lagioia-ascona.ch\/it\/produkt\/lips-big-2025-christo-dagorov\/","url":"https:\/\/www.lagioia-ascona.ch\/it\/produkt\/lips-big-2025-christo-dagorov\/","name":"Lips big \u2013 2025 | Christo Dagorov - La Gioia Ascona","isPartOf":{"@id":"https:\/\/www.lagioia-ascona.ch\/it\/#website"},"primaryImageOfPage":{"@id":"https:\/\/www.lagioia-ascona.ch\/it\/produkt\/lips-big-2025-christo-dagorov\/#primaryimage"},"image":{"@id":"https:\/\/www.lagioia-ascona.ch\/it\/produkt\/lips-big-2025-christo-dagorov\/#primaryimage"},"thumbnailUrl":"https:\/\/www.lagioia-ascona.ch\/wp-content\/uploads\/2026\/01\/lips-gross.webp","datePublished":"2026-01-13T10:27:04+00:00","breadcrumb":{"@id":"https:\/\/www.lagioia-ascona.ch\/it\/produkt\/lips-big-2025-christo-dagorov\/#breadcrumb"},"inLanguage":"it-IT","potentialAction":[{"@type":"ReadAction","target":["https:\/\/www.lagioia-ascona.ch\/it\/produkt\/lips-big-2025-christo-dagorov\/"]}]},{"@type":"ImageObject","inLanguage":"it-IT","@id":"https:\/\/www.lagioia-ascona.ch\/it\/produkt\/lips-big-2025-christo-dagorov\/#primaryimage","url":"https:\/\/www.lagioia-ascona.ch\/wp-content\/uploads\/2026\/01\/lips-gross.webp","contentUrl":"https:\/\/www.lagioia-ascona.ch\/wp-content\/uploads\/2026\/01\/lips-gross.webp","width":1200,"height":594},{"@type":"BreadcrumbList","@id":"https:\/\/www.lagioia-ascona.ch\/it\/produkt\/lips-big-2025-christo-dagorov\/#breadcrumb","itemListElement":[{"@type":"ListItem","position":1,"name":"Startseite","item":"https:\/\/www.lagioia-ascona.ch\/it\/casa\/"},{"@type":"ListItem","position":2,"name":"Shop","item":"https:\/\/www.lagioia-ascona.ch\/?page_id=12074"},{"@type":"ListItem","position":3,"name":"Lips big \u2013 2025 | Christo Dagorov"}]},{"@type":"WebSite","@id":"https:\/\/www.lagioia-ascona.ch\/it\/#website","url":"https:\/\/www.lagioia-ascona.ch\/it\/","name":"La Gioia Ascona","description":"Schmuck, Kunst, Urlaub \u2013 unvergessliche Momente am Lago Maggiore","publisher":{"@id":"https:\/\/www.lagioia-ascona.ch\/it\/#organization"},"potentialAction":[{"@type":"SearchAction","target":{"@type":"EntryPoint","urlTemplate":"https:\/\/www.lagioia-ascona.ch\/it\/?s={search_term_string}"},"query-input":{"@type":"PropertyValueSpecification","valueRequired":true,"valueName":"search_term_string"}}],"inLanguage":"it-IT"},{"@type":"Organization","@id":"https:\/\/www.lagioia-ascona.ch\/it\/#organization","name":"La Gioia Ascona","url":"https:\/\/www.lagioia-ascona.ch\/it\/","logo":{"@type":"ImageObject","inLanguage":"it-IT","@id":"https:\/\/www.lagioia-ascona.ch\/it\/#\/schema\/logo\/image\/","url":"https:\/\/www.lagioia-ascona.ch\/wp-content\/uploads\/2022\/03\/Logo_neu.webp","contentUrl":"https:\/\/www.lagioia-ascona.ch\/wp-content\/uploads\/2022\/03\/Logo_neu.webp","width":708,"height":827,"caption":"La Gioia Ascona"},"image":{"@id":"https:\/\/www.lagioia-ascona.ch\/it\/#\/schema\/logo\/image\/"}}]}},"_links":{"self":[{"href":"https:\/\/www.lagioia-ascona.ch\/it\/wp-json\/wp\/v2\/product\/41197","targetHints":{"allow":["GET"]}}],"collection":[{"href":"https:\/\/www.lagioia-ascona.ch\/it\/wp-json\/wp\/v2\/product"}],"about":[{"href":"https:\/\/www.lagioia-ascona.ch\/it\/wp-json\/wp\/v2\/types\/product"}],"version-history":[{"count":0,"href":"https:\/\/www.lagioia-ascona.ch\/it\/wp-json\/wp\/v2\/product\/41197\/revisions"}],"wp:featuredmedia":[{"embeddable":true,"href":"https:\/\/www.lagioia-ascona.ch\/it\/wp-json\/wp\/v2\/media\/40059"}],"wp:attachment":[{"href":"https:\/\/www.lagioia-ascona.ch\/it\/wp-json\/wp\/v2\/media?parent=41197"}],"wp:term":[{"taxonomy":"product_brand","embeddable":true,"href":"https:\/\/www.lagioia-ascona.ch\/it\/wp-json\/wp\/v2\/product_brand?post=41197"},{"taxonomy":"product_cat","embeddable":true,"href":"https:\/\/www.lagioia-ascona.ch\/it\/wp-json\/wp\/v2\/product_cat?post=41197"},{"taxonomy":"product_tag","embeddable":true,"href":"https:\/\/www.lagioia-ascona.ch\/it\/wp-json\/wp\/v2\/product_tag?post=41197"}],"curies":[{"name":"wp","href":"https:\/\/api.w.org\/{rel}","templated":true}]}}