{"id":41202,"date":"2026-01-13T12:33:58","date_gmt":"2026-01-13T11:33:58","guid":{"rendered":"https:\/\/www.lagioia-ascona.ch\/produkt\/rythm-red-green-2022-christo-dagorov\/"},"modified":"2026-01-13T12:33:58","modified_gmt":"2026-01-13T11:33:58","slug":"rythm-red-green-2022-christo-dagorov","status":"publish","type":"product","link":"https:\/\/www.lagioia-ascona.ch\/it\/produkt\/rythm-red-green-2022-christo-dagorov\/","title":{"rendered":"Rythm Red-Green \u20132022 | Christo Dagorov"},"content":{"rendered":"<p>Red-Green, 2022, acquerello, acrilico e colore fluorescente su carta,<br \/>\n66 x 101 cm<\/p>\n<p>Opera unica di Christo Dagorov.<\/p>\n","protected":false},"excerpt":{"rendered":"<p>Opera unica di Christo Dagorov | 2022 | acrilico e colore fluorescente su carta | 66 x 101 cm<\/p>\n<p>\u00c8 perfino dubbio che un essere umano possa raggiungere il vertice di ogni perfezione finch\u00e9 vive in una forma fisica imperfetta, poich\u00e9 le imperfezioni della forma ostacolano lo spirito; e soltanto uno spirito che sia cresciuto oltre la necessit\u00e0 di vivere in una forma fisica pu\u00f2 affermare di aver raggiunto quel alto grado di perfezione nel quale si consegue la perfetta conoscenza di s\u00e9 e, con essa, la perfetta conoscenza dell\u2019universo.<br \/>\nFranz Hartmann<\/p>\n","protected":false},"featured_media":40094,"template":"","meta":[],"product_brand":[],"product_cat":[484],"product_tag":[477,485,475,476,479,478],"class_list":{"0":"post-41202","1":"product","2":"type-product","3":"status-publish","4":"has-post-thumbnail","6":"product_cat-dagorov","7":"product_tag-artista","8":"product_tag-dagorov","9":"product_tag-dipinto","10":"product_tag-opere-uniche","11":"product_tag-pittura","12":"product_tag-tela","14":"first","15":"outofstock","16":"sold-individually","17":"taxable","18":"shipping-taxable","19":"purchasable","20":"product-type-simple"},"yoast_head":"<!-- This site is optimized with the Yoast SEO plugin v27.4 - https:\/\/yoast.com\/product\/yoast-seo-wordpress\/ -->\n<title>Rythm Red-Green \u20132022 | Christo Dagorov - La Gioia Ascona<\/title>\n<meta name=\"robots\" content=\"index, follow, max-snippet:-1, max-image-preview:large, max-video-preview:-1\" \/>\n<link rel=\"canonical\" href=\"https:\/\/www.lagioia-ascona.ch\/it\/produkt\/rythm-red-green-2022-christo-dagorov\/\" \/>\n<meta property=\"og:locale\" content=\"it_IT\" \/>\n<meta property=\"og:type\" content=\"article\" \/>\n<meta property=\"og:title\" content=\"Rythm Red-Green \u20132022 | Christo Dagorov - La Gioia Ascona\" \/>\n<meta property=\"og:description\" content=\"Opera unica di Christo Dagorov | 2022 | acrilico e colore fluorescente su carta | 66 x 101 cm \u00c8 perfino dubbio che un essere umano possa raggiungere il vertice di ogni perfezione finch\u00e9 vive in una forma fisica imperfetta, poich\u00e9 le imperfezioni della forma ostacolano lo spirito; e soltanto uno spirito che sia cresciuto oltre la necessit\u00e0 di vivere in una forma fisica pu\u00f2 affermare di aver raggiunto quel alto grado di perfezione nel quale si consegue la perfetta conoscenza di s\u00e9 e, con essa, la perfetta conoscenza dell\u2019universo. Franz Hartmann\" \/>\n<meta property=\"og:url\" content=\"https:\/\/www.lagioia-ascona.ch\/it\/produkt\/rythm-red-green-2022-christo-dagorov\/\" \/>\n<meta property=\"og:site_name\" content=\"La Gioia Ascona\" \/>\n<meta property=\"og:image\" content=\"https:\/\/www.lagioia-ascona.ch\/wp-content\/uploads\/2026\/01\/5-red-green-2022-1024x659.png\" \/>\n\t<meta property=\"og:image:width\" content=\"1024\" \/>\n\t<meta property=\"og:image:height\" content=\"659\" \/>\n\t<meta property=\"og:image:type\" content=\"image\/png\" \/>\n<meta name=\"twitter:card\" content=\"summary_large_image\" \/>\n<script type=\"application\/ld+json\" class=\"yoast-schema-graph\">{\"@context\":\"https:\\\/\\\/schema.org\",\"@graph\":[{\"@type\":\"WebPage\",\"@id\":\"https:\\\/\\\/www.lagioia-ascona.ch\\\/it\\\/produkt\\\/rythm-red-green-2022-christo-dagorov\\\/\",\"url\":\"https:\\\/\\\/www.lagioia-ascona.ch\\\/it\\\/produkt\\\/rythm-red-green-2022-christo-dagorov\\\/\",\"name\":\"Rythm Red-Green \u20132022 | Christo Dagorov - La Gioia Ascona\",\"isPartOf\":{\"@id\":\"https:\\\/\\\/www.lagioia-ascona.ch\\\/it\\\/#website\"},\"primaryImageOfPage\":{\"@id\":\"https:\\\/\\\/www.lagioia-ascona.ch\\\/it\\\/produkt\\\/rythm-red-green-2022-christo-dagorov\\\/#primaryimage\"},\"image\":{\"@id\":\"https:\\\/\\\/www.lagioia-ascona.ch\\\/it\\\/produkt\\\/rythm-red-green-2022-christo-dagorov\\\/#primaryimage\"},\"thumbnailUrl\":\"https:\\\/\\\/www.lagioia-ascona.ch\\\/wp-content\\\/uploads\\\/2026\\\/01\\\/5-red-green-2022-scaled.png\",\"datePublished\":\"2026-01-13T11:33:58+00:00\",\"breadcrumb\":{\"@id\":\"https:\\\/\\\/www.lagioia-ascona.ch\\\/it\\\/produkt\\\/rythm-red-green-2022-christo-dagorov\\\/#breadcrumb\"},\"inLanguage\":\"it-IT\",\"potentialAction\":[{\"@type\":\"ReadAction\",\"target\":[\"https:\\\/\\\/www.lagioia-ascona.ch\\\/it\\\/produkt\\\/rythm-red-green-2022-christo-dagorov\\\/\"]}]},{\"@type\":\"ImageObject\",\"inLanguage\":\"it-IT\",\"@id\":\"https:\\\/\\\/www.lagioia-ascona.ch\\\/it\\\/produkt\\\/rythm-red-green-2022-christo-dagorov\\\/#primaryimage\",\"url\":\"https:\\\/\\\/www.lagioia-ascona.ch\\\/wp-content\\\/uploads\\\/2026\\\/01\\\/5-red-green-2022-scaled.png\",\"contentUrl\":\"https:\\\/\\\/www.lagioia-ascona.ch\\\/wp-content\\\/uploads\\\/2026\\\/01\\\/5-red-green-2022-scaled.png\",\"width\":2560,\"height\":1648},{\"@type\":\"BreadcrumbList\",\"@id\":\"https:\\\/\\\/www.lagioia-ascona.ch\\\/it\\\/produkt\\\/rythm-red-green-2022-christo-dagorov\\\/#breadcrumb\",\"itemListElement\":[{\"@type\":\"ListItem\",\"position\":1,\"name\":\"Startseite\",\"item\":\"https:\\\/\\\/www.lagioia-ascona.ch\\\/it\\\/casa\\\/\"},{\"@type\":\"ListItem\",\"position\":2,\"name\":\"Shop\",\"item\":\"https:\\\/\\\/www.lagioia-ascona.ch\\\/?page_id=12074\"},{\"@type\":\"ListItem\",\"position\":3,\"name\":\"Rythm Red-Green \u20132022 | Christo Dagorov\"}]},{\"@type\":\"WebSite\",\"@id\":\"https:\\\/\\\/www.lagioia-ascona.ch\\\/it\\\/#website\",\"url\":\"https:\\\/\\\/www.lagioia-ascona.ch\\\/it\\\/\",\"name\":\"La Gioia Ascona\",\"description\":\"Schmuck, Kunst, Urlaub \u2013 unvergessliche Momente am Lago Maggiore\",\"publisher\":{\"@id\":\"https:\\\/\\\/www.lagioia-ascona.ch\\\/it\\\/#organization\"},\"potentialAction\":[{\"@type\":\"SearchAction\",\"target\":{\"@type\":\"EntryPoint\",\"urlTemplate\":\"https:\\\/\\\/www.lagioia-ascona.ch\\\/it\\\/?s={search_term_string}\"},\"query-input\":{\"@type\":\"PropertyValueSpecification\",\"valueRequired\":true,\"valueName\":\"search_term_string\"}}],\"inLanguage\":\"it-IT\"},{\"@type\":\"Organization\",\"@id\":\"https:\\\/\\\/www.lagioia-ascona.ch\\\/it\\\/#organization\",\"name\":\"La Gioia Ascona\",\"url\":\"https:\\\/\\\/www.lagioia-ascona.ch\\\/it\\\/\",\"logo\":{\"@type\":\"ImageObject\",\"inLanguage\":\"it-IT\",\"@id\":\"https:\\\/\\\/www.lagioia-ascona.ch\\\/it\\\/#\\\/schema\\\/logo\\\/image\\\/\",\"url\":\"https:\\\/\\\/www.lagioia-ascona.ch\\\/wp-content\\\/uploads\\\/2022\\\/03\\\/Logo_neu.webp\",\"contentUrl\":\"https:\\\/\\\/www.lagioia-ascona.ch\\\/wp-content\\\/uploads\\\/2022\\\/03\\\/Logo_neu.webp\",\"width\":708,\"height\":827,\"caption\":\"La Gioia Ascona\"},\"image\":{\"@id\":\"https:\\\/\\\/www.lagioia-ascona.ch\\\/it\\\/#\\\/schema\\\/logo\\\/image\\\/\"}}]}<\/script>\n<!-- \/ Yoast SEO plugin. -->","yoast_head_json":{"title":"Rythm Red-Green \u20132022 | Christo Dagorov - La Gioia Ascona","robots":{"index":"index","follow":"follow","max-snippet":"max-snippet:-1","max-image-preview":"max-image-preview:large","max-video-preview":"max-video-preview:-1"},"canonical":"https:\/\/www.lagioia-ascona.ch\/it\/produkt\/rythm-red-green-2022-christo-dagorov\/","og_locale":"it_IT","og_type":"article","og_title":"Rythm Red-Green \u20132022 | Christo Dagorov - La Gioia Ascona","og_description":"Opera unica di Christo Dagorov | 2022 | acrilico e colore fluorescente su carta | 66 x 101 cm \u00c8 perfino dubbio che un essere umano possa raggiungere il vertice di ogni perfezione finch\u00e9 vive in una forma fisica imperfetta, poich\u00e9 le imperfezioni della forma ostacolano lo spirito; e soltanto uno spirito che sia cresciuto oltre la necessit\u00e0 di vivere in una forma fisica pu\u00f2 affermare di aver raggiunto quel alto grado di perfezione nel quale si consegue la perfetta conoscenza di s\u00e9 e, con essa, la perfetta conoscenza dell\u2019universo. Franz Hartmann","og_url":"https:\/\/www.lagioia-ascona.ch\/it\/produkt\/rythm-red-green-2022-christo-dagorov\/","og_site_name":"La Gioia Ascona","og_image":[{"width":1024,"height":659,"url":"https:\/\/www.lagioia-ascona.ch\/wp-content\/uploads\/2026\/01\/5-red-green-2022-1024x659.png","type":"image\/png"}],"twitter_card":"summary_large_image","schema":{"@context":"https:\/\/schema.org","@graph":[{"@type":"WebPage","@id":"https:\/\/www.lagioia-ascona.ch\/it\/produkt\/rythm-red-green-2022-christo-dagorov\/","url":"https:\/\/www.lagioia-ascona.ch\/it\/produkt\/rythm-red-green-2022-christo-dagorov\/","name":"Rythm Red-Green \u20132022 | Christo Dagorov - La Gioia Ascona","isPartOf":{"@id":"https:\/\/www.lagioia-ascona.ch\/it\/#website"},"primaryImageOfPage":{"@id":"https:\/\/www.lagioia-ascona.ch\/it\/produkt\/rythm-red-green-2022-christo-dagorov\/#primaryimage"},"image":{"@id":"https:\/\/www.lagioia-ascona.ch\/it\/produkt\/rythm-red-green-2022-christo-dagorov\/#primaryimage"},"thumbnailUrl":"https:\/\/www.lagioia-ascona.ch\/wp-content\/uploads\/2026\/01\/5-red-green-2022-scaled.png","datePublished":"2026-01-13T11:33:58+00:00","breadcrumb":{"@id":"https:\/\/www.lagioia-ascona.ch\/it\/produkt\/rythm-red-green-2022-christo-dagorov\/#breadcrumb"},"inLanguage":"it-IT","potentialAction":[{"@type":"ReadAction","target":["https:\/\/www.lagioia-ascona.ch\/it\/produkt\/rythm-red-green-2022-christo-dagorov\/"]}]},{"@type":"ImageObject","inLanguage":"it-IT","@id":"https:\/\/www.lagioia-ascona.ch\/it\/produkt\/rythm-red-green-2022-christo-dagorov\/#primaryimage","url":"https:\/\/www.lagioia-ascona.ch\/wp-content\/uploads\/2026\/01\/5-red-green-2022-scaled.png","contentUrl":"https:\/\/www.lagioia-ascona.ch\/wp-content\/uploads\/2026\/01\/5-red-green-2022-scaled.png","width":2560,"height":1648},{"@type":"BreadcrumbList","@id":"https:\/\/www.lagioia-ascona.ch\/it\/produkt\/rythm-red-green-2022-christo-dagorov\/#breadcrumb","itemListElement":[{"@type":"ListItem","position":1,"name":"Startseite","item":"https:\/\/www.lagioia-ascona.ch\/it\/casa\/"},{"@type":"ListItem","position":2,"name":"Shop","item":"https:\/\/www.lagioia-ascona.ch\/?page_id=12074"},{"@type":"ListItem","position":3,"name":"Rythm Red-Green \u20132022 | Christo Dagorov"}]},{"@type":"WebSite","@id":"https:\/\/www.lagioia-ascona.ch\/it\/#website","url":"https:\/\/www.lagioia-ascona.ch\/it\/","name":"La Gioia Ascona","description":"Schmuck, Kunst, Urlaub \u2013 unvergessliche Momente am Lago Maggiore","publisher":{"@id":"https:\/\/www.lagioia-ascona.ch\/it\/#organization"},"potentialAction":[{"@type":"SearchAction","target":{"@type":"EntryPoint","urlTemplate":"https:\/\/www.lagioia-ascona.ch\/it\/?s={search_term_string}"},"query-input":{"@type":"PropertyValueSpecification","valueRequired":true,"valueName":"search_term_string"}}],"inLanguage":"it-IT"},{"@type":"Organization","@id":"https:\/\/www.lagioia-ascona.ch\/it\/#organization","name":"La Gioia Ascona","url":"https:\/\/www.lagioia-ascona.ch\/it\/","logo":{"@type":"ImageObject","inLanguage":"it-IT","@id":"https:\/\/www.lagioia-ascona.ch\/it\/#\/schema\/logo\/image\/","url":"https:\/\/www.lagioia-ascona.ch\/wp-content\/uploads\/2022\/03\/Logo_neu.webp","contentUrl":"https:\/\/www.lagioia-ascona.ch\/wp-content\/uploads\/2022\/03\/Logo_neu.webp","width":708,"height":827,"caption":"La Gioia Ascona"},"image":{"@id":"https:\/\/www.lagioia-ascona.ch\/it\/#\/schema\/logo\/image\/"}}]}},"_links":{"self":[{"href":"https:\/\/www.lagioia-ascona.ch\/it\/wp-json\/wp\/v2\/product\/41202","targetHints":{"allow":["GET"]}}],"collection":[{"href":"https:\/\/www.lagioia-ascona.ch\/it\/wp-json\/wp\/v2\/product"}],"about":[{"href":"https:\/\/www.lagioia-ascona.ch\/it\/wp-json\/wp\/v2\/types\/product"}],"version-history":[{"count":0,"href":"https:\/\/www.lagioia-ascona.ch\/it\/wp-json\/wp\/v2\/product\/41202\/revisions"}],"wp:featuredmedia":[{"embeddable":true,"href":"https:\/\/www.lagioia-ascona.ch\/it\/wp-json\/wp\/v2\/media\/40094"}],"wp:attachment":[{"href":"https:\/\/www.lagioia-ascona.ch\/it\/wp-json\/wp\/v2\/media?parent=41202"}],"wp:term":[{"taxonomy":"product_brand","embeddable":true,"href":"https:\/\/www.lagioia-ascona.ch\/it\/wp-json\/wp\/v2\/product_brand?post=41202"},{"taxonomy":"product_cat","embeddable":true,"href":"https:\/\/www.lagioia-ascona.ch\/it\/wp-json\/wp\/v2\/product_cat?post=41202"},{"taxonomy":"product_tag","embeddable":true,"href":"https:\/\/www.lagioia-ascona.ch\/it\/wp-json\/wp\/v2\/product_tag?post=41202"}],"curies":[{"name":"wp","href":"https:\/\/api.w.org\/{rel}","templated":true}]}}